{"id":1206,"date":"2024-07-03T15:29:41","date_gmt":"2024-07-03T15:29:41","guid":{"rendered":"https:\/\/restauranteomercado.pt\/about-us\/"},"modified":"2024-11-06T17:55:53","modified_gmt":"2024-11-06T17:55:53","slug":"about-us","status":"publish","type":"page","link":"https:\/\/restauranteomercado.pt\/en\/about-us\/","title":{"rendered":"About Us"},"content":{"rendered":"\t\t<div data-elementor-type=\"wp-page\" data-elementor-id=\"1206\" class=\"elementor elementor-1206 elementor-473\" data-elementor-post-type=\"page\">\n\t\t\t\t<div class=\"elementor-element elementor-element-c2706ca e-flex e-con-boxed e-con e-parent\" data-id=\"c2706ca\" data-element_type=\"container\" data-settings=\"{&quot;background_background&quot;:&quot;classic&quot;}\">\n\t\t\t\t\t<div class=\"e-con-inner\">\n\t\t<div class=\"elementor-element elementor-element-1774874 e-con-full e-flex e-con e-child\" data-id=\"1774874\" data-element_type=\"container\">\n\t\t\t\t<div class=\"elementor-element elementor-element-d15fb00 animated-slow elementor-invisible elementor-widget elementor-widget-heading\" data-id=\"d15fb00\" data-element_type=\"widget\" data-settings=\"{&quot;_animation&quot;:&quot;fadeInUp&quot;,&quot;_animation_delay&quot;:250}\" data-widget_type=\"heading.default\">\n\t\t\t\t<div class=\"elementor-widget-container\">\n\t\t\t\t\t<h2 class=\"elementor-heading-title elementor-size-default\">About Us<\/h2>\t\t\t\t<\/div>\n\t\t\t\t<\/div>\n\t\t\t\t<\/div>\n\t\t\t\t\t<\/div>\n\t\t\t\t<\/div>\n\t\t<div class=\"elementor-element elementor-element-2190b20 e-flex e-con-boxed e-con e-parent\" data-id=\"2190b20\" data-element_type=\"container\">\n\t\t\t\t\t<div class=\"e-con-inner\">\n\t\t<div class=\"elementor-element elementor-element-9bf63dc e-con-full e-flex e-con e-child\" data-id=\"9bf63dc\" data-element_type=\"container\">\n\t\t\t\t<div class=\"elementor-element elementor-element-01b616c animated-slow elementor-invisible elementor-widget elementor-widget-heading\" data-id=\"01b616c\" data-element_type=\"widget\" data-settings=\"{&quot;_animation&quot;:&quot;fadeInUp&quot;,&quot;_animation_delay&quot;:250}\" data-widget_type=\"heading.default\">\n\t\t\t\t<div class=\"elementor-widget-container\">\n\t\t\t\t\t<h2 class=\"elementor-heading-title elementor-size-default\">WELCOME TO <b>O MERCADO RESTAURANT<\/b><\/h2>\t\t\t\t<\/div>\n\t\t\t\t<\/div>\n\t\t\t\t<div class=\"elementor-element elementor-element-cab9e55 elementor-invisible elementor-widget elementor-widget-text-editor\" data-id=\"cab9e55\" data-element_type=\"widget\" data-settings=\"{&quot;_animation&quot;:&quot;fadeInUp&quot;,&quot;_animation_delay&quot;:300}\" data-widget_type=\"text-editor.default\">\n\t\t\t\t<div class=\"elementor-widget-container\">\n\t\t\t\t\t\t\t\t\t<p>In the heart of Alc\u00e2ntara, a region rich in history and tradition, stands the Alc\u00e2ntara Market, also known as Rosa Agulhas Market, on Rua Le\u00e3o de Oliveira. This market, inaugurated in 1987, is continuously evolving to better serve the community.<\/p><p>Among the latest improvements is O Mercado Restaurant, now occupying a prime spot within the space.<\/p><p>Upon entering, you&#8217;ll be greeted by a cozy bar and an inviting terrace, perfect for enjoying a variety of house specialties. As you ascend the first flight of stairs, you&#8217;ll find a spacious dining room where you can savor our famous fresh fish and delicious sweets, including traditional conventual treats. At the back of the dining room, you\u2019ll be drawn to an appetizing display case showcasing a variety of fresh fish, seafood, and meats, all prepared in an open kitchen. Finally, you can visit our second room (on the upper floor), filled with natural light and mainly reserved for groups.<\/p><p>This is the atmosphere of O Mercado Restaurant, located inside the Rosa Agulhas Market. The freshness of the ingredients and the creativity of Jos\u00e9 Manuel Teixeira make O Mercado Restaurant a place where traditional Portuguese cuisine thrives.<\/p><p>Our dessert selection is another winning feature. We also offer a wide variety of wines at carefully chosen prices.<\/p><p>You are most welcome.<\/p>\t\t\t\t\t\t\t\t<\/div>\n\t\t\t\t<\/div>\n\t\t\t\t<\/div>\n\t\t<div class=\"elementor-element elementor-element-7b0e858 e-con-full e-flex e-con e-child\" data-id=\"7b0e858\" data-element_type=\"container\">\n\t\t\t\t<div class=\"elementor-element elementor-element-7c74729 elementor-widget elementor-widget-image\" data-id=\"7c74729\" data-element_type=\"widget\" data-widget_type=\"image.default\">\n\t\t\t\t<div class=\"elementor-widget-container\">\n\t\t\t\t\t\t\t\t\t\t\t\t\t\t\t\t<a href=\"https:\/\/restauranteomercado.pt\/wp-content\/uploads\/2024\/06\/artigo.jpg\" data-elementor-open-lightbox=\"yes\" data-elementor-lightbox-title=\"Restaurante o Mercado de Alc\u00e2ntara\" data-e-action-hash=\"#elementor-action%3Aaction%3Dlightbox%26settings%3DeyJpZCI6NjAsInVybCI6Imh0dHBzOlwvXC9yZXN0YXVyYW50ZW9tZXJjYWRvLnB0XC93cC1jb250ZW50XC91cGxvYWRzXC8yMDI0XC8wNlwvYXJ0aWdvLmpwZyJ9\">\n\t\t\t\t\t\t\t<img fetchpriority=\"high\" decoding=\"async\" width=\"700\" height=\"931\" src=\"https:\/\/restauranteomercado.pt\/wp-content\/uploads\/2024\/06\/artigo.jpg\" class=\"attachment-large size-large wp-image-60\" alt=\"\" srcset=\"https:\/\/restauranteomercado.pt\/wp-content\/uploads\/2024\/06\/artigo.jpg 700w, https:\/\/restauranteomercado.pt\/wp-content\/uploads\/2024\/06\/artigo-226x300.jpg 226w\" sizes=\"(max-width: 700px) 100vw, 700px\" \/>\t\t\t\t\t\t\t\t<\/a>\n\t\t\t\t\t\t\t\t\t\t\t\t\t\t\t<\/div>\n\t\t\t\t<\/div>\n\t\t\t\t<\/div>\n\t\t\t\t\t<\/div>\n\t\t\t\t<\/div>\n\t\t<div class=\"elementor-element elementor-element-e2cacdb e-flex e-con-boxed e-con e-parent\" data-id=\"e2cacdb\" data-element_type=\"container\" data-settings=\"{&quot;background_background&quot;:&quot;classic&quot;}\">\n\t\t\t\t\t<div class=\"e-con-inner\">\n\t\t<div class=\"elementor-element elementor-element-5a9dd38 e-con-full e-flex e-con e-child\" data-id=\"5a9dd38\" data-element_type=\"container\">\n\t\t\t\t<div class=\"elementor-element elementor-element-5159a2b elementor-align-center elementor-hidden-tablet elementor-hidden-mobile elementor-widget elementor-widget-button\" data-id=\"5159a2b\" data-element_type=\"widget\" data-widget_type=\"button.default\">\n\t\t\t\t<div class=\"elementor-widget-container\">\n\t\t\t\t\t\t\t\t\t<div class=\"elementor-button-wrapper\">\n\t\t\t\t\t<a class=\"elementor-button elementor-button-link elementor-size-sm elementor-animation-grow\" href=\"https:\/\/restauranteomercado.pt\/en\/menu\/\">\n\t\t\t\t\t\t<span class=\"elementor-button-content-wrapper\">\n\t\t\t\t\t\t\t\t\t<span class=\"elementor-button-text\">View Menu<\/span>\n\t\t\t\t\t<\/span>\n\t\t\t\t\t<\/a>\n\t\t\t\t<\/div>\n\t\t\t\t\t\t\t\t<\/div>\n\t\t\t\t<\/div>\n\t\t\t\t<div class=\"elementor-element elementor-element-71287b9 elementor-align-center elementor-hidden-tablet elementor-hidden-mobile elementor-widget elementor-widget-button\" data-id=\"71287b9\" data-element_type=\"widget\" data-widget_type=\"button.default\">\n\t\t\t\t<div class=\"elementor-widget-container\">\n\t\t\t\t\t\t\t\t\t<div class=\"elementor-button-wrapper\">\n\t\t\t\t\t<a class=\"elementor-button elementor-button-link elementor-size-sm elementor-animation-grow\" href=\"https:\/\/restauranteomercado.pt\/en\/contact\/\">\n\t\t\t\t\t\t<span class=\"elementor-button-content-wrapper\">\n\t\t\t\t\t\t\t\t\t<span class=\"elementor-button-text\">Make Reservation<\/span>\n\t\t\t\t\t<\/span>\n\t\t\t\t\t<\/a>\n\t\t\t\t<\/div>\n\t\t\t\t\t\t\t\t<\/div>\n\t\t\t\t<\/div>\n\t\t\t\t<div class=\"elementor-element elementor-element-33b67a9 elementor-align-center elementor-hidden-desktop elementor-widget elementor-widget-button\" data-id=\"33b67a9\" data-element_type=\"widget\" data-widget_type=\"button.default\">\n\t\t\t\t<div class=\"elementor-widget-container\">\n\t\t\t\t\t\t\t\t\t<div class=\"elementor-button-wrapper\">\n\t\t\t\t\t<a class=\"elementor-button elementor-button-link elementor-size-sm elementor-animation-grow\" href=\"tel:213649113\">\n\t\t\t\t\t\t<span class=\"elementor-button-content-wrapper\">\n\t\t\t\t\t\t\t\t\t<span class=\"elementor-button-text\">Make Reservation<\/span>\n\t\t\t\t\t<\/span>\n\t\t\t\t\t<\/a>\n\t\t\t\t<\/div>\n\t\t\t\t\t\t\t\t<\/div>\n\t\t\t\t<\/div>\n\t\t\t\t<\/div>\n\t\t\t\t\t<\/div>\n\t\t\t\t<\/div>\n\t\t<div class=\"elementor-element elementor-element-43cf796 e-con-full e-flex e-con e-parent\" data-id=\"43cf796\" data-element_type=\"container\">\n\t\t\t\t<div class=\"elementor-element elementor-element-ae3bdb2 elementor-widget elementor-widget-gallery\" data-id=\"ae3bdb2\" data-element_type=\"widget\" data-settings=\"{&quot;columns&quot;:3,&quot;gap&quot;:{&quot;unit&quot;:&quot;px&quot;,&quot;size&quot;:2,&quot;sizes&quot;:[]},&quot;aspect_ratio&quot;:&quot;4:3&quot;,&quot;lazyload&quot;:&quot;yes&quot;,&quot;gallery_layout&quot;:&quot;grid&quot;,&quot;columns_tablet&quot;:2,&quot;columns_mobile&quot;:1,&quot;gap_tablet&quot;:{&quot;unit&quot;:&quot;px&quot;,&quot;size&quot;:10,&quot;sizes&quot;:[]},&quot;gap_mobile&quot;:{&quot;unit&quot;:&quot;px&quot;,&quot;size&quot;:10,&quot;sizes&quot;:[]},&quot;link_to&quot;:&quot;file&quot;,&quot;overlay_background&quot;:&quot;yes&quot;,&quot;content_hover_animation&quot;:&quot;fade-in&quot;}\" data-widget_type=\"gallery.default\">\n\t\t\t\t<div class=\"elementor-widget-container\">\n\t\t\t\t\t\t\t<div class=\"elementor-gallery__container\">\n\t\t\t\t\t\t\t<a class=\"e-gallery-item elementor-gallery-item elementor-animated-content\" href=\"https:\/\/restauranteomercado.pt\/wp-content\/uploads\/2024\/07\/20240416_135610-scaled.jpg\" data-elementor-open-lightbox=\"yes\" data-elementor-lightbox-slideshow=\"ae3bdb2\" data-elementor-lightbox-title=\"Restaurante o Mercado de Alc\u00e2ntara\" data-e-action-hash=\"#elementor-action%3Aaction%3Dlightbox%26settings%3DeyJpZCI6NTI1LCJ1cmwiOiJodHRwczpcL1wvcmVzdGF1cmFudGVvbWVyY2Fkby5wdFwvd3AtY29udGVudFwvdXBsb2Fkc1wvMjAyNFwvMDdcLzIwMjQwNDE2XzEzNTYxMC1zY2FsZWQuanBnIiwic2xpZGVzaG93IjoiYWUzYmRiMiJ9\">\n\t\t\t\t\t<div class=\"e-gallery-image elementor-gallery-item__image\" data-thumbnail=\"https:\/\/restauranteomercado.pt\/wp-content\/uploads\/2024\/07\/20240416_135610-scaled.jpg\" data-width=\"2560\" data-height=\"1920\" aria-label=\"\" role=\"img\" ><\/div>\n\t\t\t\t\t\t\t\t\t\t\t<div class=\"elementor-gallery-item__overlay\"><\/div>\n\t\t\t\t\t\t\t\t\t\t\t\t\t\t<\/a>\n\t\t\t\t\t\t\t<a class=\"e-gallery-item elementor-gallery-item elementor-animated-content\" href=\"https:\/\/restauranteomercado.pt\/wp-content\/uploads\/2024\/07\/20240419_133204-scaled.jpg\" data-elementor-open-lightbox=\"yes\" data-elementor-lightbox-slideshow=\"ae3bdb2\" data-elementor-lightbox-title=\"Restaurante o Mercado de Alc\u00e2ntara\" data-e-action-hash=\"#elementor-action%3Aaction%3Dlightbox%26settings%3DeyJpZCI6NDk4LCJ1cmwiOiJodHRwczpcL1wvcmVzdGF1cmFudGVvbWVyY2Fkby5wdFwvd3AtY29udGVudFwvdXBsb2Fkc1wvMjAyNFwvMDdcLzIwMjQwNDE5XzEzMzIwNC1zY2FsZWQuanBnIiwic2xpZGVzaG93IjoiYWUzYmRiMiJ9\">\n\t\t\t\t\t<div class=\"e-gallery-image elementor-gallery-item__image\" data-thumbnail=\"https:\/\/restauranteomercado.pt\/wp-content\/uploads\/2024\/07\/20240419_133204-scaled.jpg\" data-width=\"2560\" data-height=\"1920\" aria-label=\"\" role=\"img\" ><\/div>\n\t\t\t\t\t\t\t\t\t\t\t<div class=\"elementor-gallery-item__overlay\"><\/div>\n\t\t\t\t\t\t\t\t\t\t\t\t\t\t<\/a>\n\t\t\t\t\t\t\t<a class=\"e-gallery-item elementor-gallery-item elementor-animated-content\" href=\"https:\/\/restauranteomercado.pt\/wp-content\/uploads\/2024\/07\/20161111_105839-scaled.jpg\" data-elementor-open-lightbox=\"yes\" data-elementor-lightbox-slideshow=\"ae3bdb2\" data-elementor-lightbox-title=\"Restaurante o Mercado de Alc\u00e2ntara\" data-e-action-hash=\"#elementor-action%3Aaction%3Dlightbox%26settings%3DeyJpZCI6NDkxLCJ1cmwiOiJodHRwczpcL1wvcmVzdGF1cmFudGVvbWVyY2Fkby5wdFwvd3AtY29udGVudFwvdXBsb2Fkc1wvMjAyNFwvMDdcLzIwMTYxMTExXzEwNTgzOS1zY2FsZWQuanBnIiwic2xpZGVzaG93IjoiYWUzYmRiMiJ9\">\n\t\t\t\t\t<div class=\"e-gallery-image elementor-gallery-item__image\" data-thumbnail=\"https:\/\/restauranteomercado.pt\/wp-content\/uploads\/2024\/07\/20161111_105839-scaled.jpg\" data-width=\"2560\" data-height=\"1440\" aria-label=\"\" role=\"img\" ><\/div>\n\t\t\t\t\t\t\t\t\t\t\t<div class=\"elementor-gallery-item__overlay\"><\/div>\n\t\t\t\t\t\t\t\t\t\t\t\t\t\t<\/a>\n\t\t\t\t\t\t\t<a class=\"e-gallery-item elementor-gallery-item elementor-animated-content\" href=\"https:\/\/restauranteomercado.pt\/wp-content\/uploads\/2024\/07\/20240416_135555-scaled.jpg\" data-elementor-open-lightbox=\"yes\" data-elementor-lightbox-slideshow=\"ae3bdb2\" data-elementor-lightbox-title=\"Restaurante o Mercado de Alc\u00e2ntara\" data-e-action-hash=\"#elementor-action%3Aaction%3Dlightbox%26settings%3DeyJpZCI6NTI2LCJ1cmwiOiJodHRwczpcL1wvcmVzdGF1cmFudGVvbWVyY2Fkby5wdFwvd3AtY29udGVudFwvdXBsb2Fkc1wvMjAyNFwvMDdcLzIwMjQwNDE2XzEzNTU1NS1zY2FsZWQuanBnIiwic2xpZGVzaG93IjoiYWUzYmRiMiJ9\">\n\t\t\t\t\t<div class=\"e-gallery-image elementor-gallery-item__image\" data-thumbnail=\"https:\/\/restauranteomercado.pt\/wp-content\/uploads\/2024\/07\/20240416_135555-scaled.jpg\" data-width=\"2560\" data-height=\"1920\" aria-label=\"\" role=\"img\" ><\/div>\n\t\t\t\t\t\t\t\t\t\t\t<div class=\"elementor-gallery-item__overlay\"><\/div>\n\t\t\t\t\t\t\t\t\t\t\t\t\t\t<\/a>\n\t\t\t\t\t\t\t<a class=\"e-gallery-item elementor-gallery-item elementor-animated-content\" href=\"https:\/\/restauranteomercado.pt\/wp-content\/uploads\/2024\/07\/20170124_105929-scaled.jpg\" data-elementor-open-lightbox=\"yes\" data-elementor-lightbox-slideshow=\"ae3bdb2\" data-elementor-lightbox-title=\"Restaurante o Mercado de Alc\u00e2ntara\" data-e-action-hash=\"#elementor-action%3Aaction%3Dlightbox%26settings%3DeyJpZCI6NDg1LCJ1cmwiOiJodHRwczpcL1wvcmVzdGF1cmFudGVvbWVyY2Fkby5wdFwvd3AtY29udGVudFwvdXBsb2Fkc1wvMjAyNFwvMDdcLzIwMTcwMTI0XzEwNTkyOS1zY2FsZWQuanBnIiwic2xpZGVzaG93IjoiYWUzYmRiMiJ9\">\n\t\t\t\t\t<div class=\"e-gallery-image elementor-gallery-item__image\" data-thumbnail=\"https:\/\/restauranteomercado.pt\/wp-content\/uploads\/2024\/07\/20170124_105929-scaled.jpg\" data-width=\"2560\" data-height=\"1440\" aria-label=\"\" role=\"img\" ><\/div>\n\t\t\t\t\t\t\t\t\t\t\t<div class=\"elementor-gallery-item__overlay\"><\/div>\n\t\t\t\t\t\t\t\t\t\t\t\t\t\t<\/a>\n\t\t\t\t\t\t\t<a class=\"e-gallery-item elementor-gallery-item elementor-animated-content\" href=\"https:\/\/restauranteomercado.pt\/wp-content\/uploads\/2024\/07\/20240419_140228-scaled.jpg\" data-elementor-open-lightbox=\"yes\" data-elementor-lightbox-slideshow=\"ae3bdb2\" data-elementor-lightbox-title=\"Restaurante o Mercado de Alc\u00e2ntara\" data-e-action-hash=\"#elementor-action%3Aaction%3Dlightbox%26settings%3DeyJpZCI6NTAxLCJ1cmwiOiJodHRwczpcL1wvcmVzdGF1cmFudGVvbWVyY2Fkby5wdFwvd3AtY29udGVudFwvdXBsb2Fkc1wvMjAyNFwvMDdcLzIwMjQwNDE5XzE0MDIyOC1zY2FsZWQuanBnIiwic2xpZGVzaG93IjoiYWUzYmRiMiJ9\">\n\t\t\t\t\t<div class=\"e-gallery-image elementor-gallery-item__image\" data-thumbnail=\"https:\/\/restauranteomercado.pt\/wp-content\/uploads\/2024\/07\/20240419_140228-scaled.jpg\" data-width=\"2560\" data-height=\"1920\" aria-label=\"\" role=\"img\" ><\/div>\n\t\t\t\t\t\t\t\t\t\t\t<div class=\"elementor-gallery-item__overlay\"><\/div>\n\t\t\t\t\t\t\t\t\t\t\t\t\t\t<\/a>\n\t\t\t\t\t<\/div>\n\t\t\t\t\t<\/div>\n\t\t\t\t<\/div>\n\t\t\t\t<\/div>\n\t\t\t\t<\/div>\n\t\t","protected":false},"excerpt":{"rendered":"<p>About Us WELCOME TO O MERCADO RESTAURANT In the heart of Alc\u00e2ntara, a region rich in history and tradition, stands the Alc\u00e2ntara Market, also known as Rosa Agulhas Market, on Rua Le\u00e3o de Oliveira. This market, inaugurated in 1987, is continuously evolving to better serve the community. Among the latest improvements is O Mercado Restaurant, &#8230; <a title=\"About Us\" class=\"read-more\" href=\"https:\/\/restauranteomercado.pt\/en\/about-us\/\" aria-label=\"Read more about About Us\">Read more<\/a><\/p>\n","protected":false},"author":4,"featured_media":0,"parent":0,"menu_order":0,"comment_status":"closed","ping_status":"closed","template":"elementor_header_footer","meta":{"footnotes":""},"class_list":["post-1206","page","type-page","status-publish"],"_links":{"self":[{"href":"https:\/\/restauranteomercado.pt\/en\/wp-json\/wp\/v2\/pages\/1206","targetHints":{"allow":["GET"]}}],"collection":[{"href":"https:\/\/restauranteomercado.pt\/en\/wp-json\/wp\/v2\/pages"}],"about":[{"href":"https:\/\/restauranteomercado.pt\/en\/wp-json\/wp\/v2\/types\/page"}],"author":[{"embeddable":true,"href":"https:\/\/restauranteomercado.pt\/en\/wp-json\/wp\/v2\/users\/4"}],"replies":[{"embeddable":true,"href":"https:\/\/restauranteomercado.pt\/en\/wp-json\/wp\/v2\/comments?post=1206"}],"version-history":[{"count":9,"href":"https:\/\/restauranteomercado.pt\/en\/wp-json\/wp\/v2\/pages\/1206\/revisions"}],"predecessor-version":[{"id":1435,"href":"https:\/\/restauranteomercado.pt\/en\/wp-json\/wp\/v2\/pages\/1206\/revisions\/1435"}],"wp:attachment":[{"href":"https:\/\/restauranteomercado.pt\/en\/wp-json\/wp\/v2\/media?parent=1206"}],"curies":[{"name":"wp","href":"https:\/\/api.w.org\/{rel}","templated":true}]}}